{"id":2197,"date":"2025-11-13T14:27:23","date_gmt":"2025-11-13T14:27:23","guid":{"rendered":"https:\/\/themasterguest.com\/?page_id=2197"},"modified":"2026-04-02T15:51:57","modified_gmt":"2026-04-02T15:51:57","slug":"about-us","status":"publish","type":"page","link":"https:\/\/themasterguest.com\/pt\/about-us\/","title":{"rendered":"Sobre n\u00f3s"},"content":{"rendered":"<section class=\"bde-section-2197-100 bde-section\">\n              \n  \n  \n\t\n\n  <div class=\"section-background-overlay\"><\/div>\n\n\n<div class=\"section-container\"><h1 class=\"bde-heading-2197-101 bde-heading\">\nSobre n\u00f3s\n<\/h1><div class=\"bde-text-2197-102 bde-text\">\n\n<\/div><\/div>\n<\/section><section id=\"scroll\" class=\"bde-section-2197-103 bde-section\">\n  \n  \n\t\n\n\n\n<div class=\"section-container\"><div class=\"bde-columns-2197-104 bde-columns\"><div class=\"bde-column-2197-105 bde-column\">\n  \n  \n\t\n\n\n\n<h3 class=\"bde-heading-2197-144 bde-heading\">\nEstadias Excecionais. Roma Aut\u00eantica.\n<\/h3><div class=\"bde-text-2197-107 bde-text\">\nSomos uma equipa de anfitri\u00f5es profissionais que adora o que faz. O nosso objetivo \u00e9 simples: oferecer um lugar onde possa relaxar, recarregar energias e vivenciar Roma como um local.<br><br>Com apartamentos cuidadosamente selecionados nos bairros mais vibrantes da cidade, focamo-nos no que mais importa: conforto, simplicidade e um servi\u00e7o irrepreens\u00edvel. Desde o momento da sua reserva at\u00e9 ao dia do check-out, cuidamos de todos os detalhes para que possa concentrar-se em desfrutar da magia da Cidade Eterna.\n<\/div>\n<\/div><div class=\"bde-column-2197-109 bde-column\">\n  \n  \n\t\n\n\n\n<img decoding=\"async\" class=\"bde-image2-2197-110 bde-image2\" src=\"https:\/\/themasterguest.com\/wp-content\/uploads\/2026\/03\/roma-2.webp\" loading=\"lazy\" srcset=\"https:\/\/themasterguest.com\/wp-content\/uploads\/2026\/03\/roma-2.webp 1920w, https:\/\/themasterguest.com\/wp-content\/uploads\/2026\/03\/roma-2-300x225.webp 300w, https:\/\/themasterguest.com\/wp-content\/uploads\/2026\/03\/roma-2-1024x768.webp 1024w, https:\/\/themasterguest.com\/wp-content\/uploads\/2026\/03\/roma-2-768x576.webp 768w, https:\/\/themasterguest.com\/wp-content\/uploads\/2026\/03\/roma-2-1536x1152.webp 1536w, https:\/\/themasterguest.com\/wp-content\/uploads\/2026\/03\/roma-2-16x12.webp 16w\" sizes=\"(max-width: 1920px) 100vw, 1920px\">\n<\/div><\/div><\/div>\n<\/section>","protected":false},"excerpt":{"rendered":"<p>About us Exceptional Stays. Authentic Rome. We are a team of professional hosts who love what we do. Our aim is simple: to offer a place where you can relax, recharge your batteries and experience Rome like a local.With carefully selected apartments in the city&#8217;s most vibrant neighborhoods, we focus on what matters most: comfort, [&hellip;]<\/p>\n","protected":false},"author":2,"featured_media":0,"parent":0,"menu_order":0,"comment_status":"closed","ping_status":"closed","template":"","meta":{"_breakdance_hide_in_design_set":false,"_breakdance_tags":"","footnotes":""},"class_list":["post-2197","page","type-page","status-publish","hentry"],"_links":{"self":[{"href":"https:\/\/themasterguest.com\/pt\/wp-json\/wp\/v2\/pages\/2197","targetHints":{"allow":["GET"]}}],"collection":[{"href":"https:\/\/themasterguest.com\/pt\/wp-json\/wp\/v2\/pages"}],"about":[{"href":"https:\/\/themasterguest.com\/pt\/wp-json\/wp\/v2\/types\/page"}],"author":[{"embeddable":true,"href":"https:\/\/themasterguest.com\/pt\/wp-json\/wp\/v2\/users\/2"}],"replies":[{"embeddable":true,"href":"https:\/\/themasterguest.com\/pt\/wp-json\/wp\/v2\/comments?post=2197"}],"version-history":[{"count":34,"href":"https:\/\/themasterguest.com\/pt\/wp-json\/wp\/v2\/pages\/2197\/revisions"}],"predecessor-version":[{"id":3130,"href":"https:\/\/themasterguest.com\/pt\/wp-json\/wp\/v2\/pages\/2197\/revisions\/3130"}],"wp:attachment":[{"href":"https:\/\/themasterguest.com\/pt\/wp-json\/wp\/v2\/media?parent=2197"}],"curies":[{"name":"wp","href":"https:\/\/api.w.org\/{rel}","templated":true}]}}