{"id":3057,"date":"2026-03-25T15:12:32","date_gmt":"2026-03-25T15:12:32","guid":{"rendered":"https:\/\/themasterguest.com\/?page_id=3057"},"modified":"2026-04-28T15:46:57","modified_gmt":"2026-04-28T15:46:57","slug":"services","status":"publish","type":"page","link":"https:\/\/themasterguest.com\/fr\/services\/","title":{"rendered":"Services"},"content":{"rendered":"<section class=\"bde-section-3057-100 bde-section\">\n              \n  \n  \n\t\n\n  <div class=\"section-background-overlay\"><\/div>\n\n\n<div class=\"section-container\"><h1 class=\"bde-heading-3057-101 bde-heading\">\nServices\n<\/h1><div class=\"bde-text-3057-102 bde-text\">\n\n<\/div><\/div>\n<\/section><section id=\"scroll\" class=\"bde-section-3057-103 bde-section\">\n  \n  \n\t\n\n\n\n<div class=\"section-container\"><div class=\"bde-columns-3057-104 bde-columns\"><div class=\"bde-column-3057-105 bde-column\">\n  \n  \n\t\n\n\n\n<div class=\"bde-div-3057-116 bde-div\">\n  \n  \n\t\n\n\n\n<h3 class=\"bde-heading-3057-106 bde-heading\">\nServices aux clients : Votre s\u00e9jour, simplifi\u00e9.\n<\/h3><div class=\"bde-text-3057-107 bde-text\">\nDans nos appartements, nous pensons qu'un excellent s\u00e9jour est d\u00e9fini par la facilit\u00e9 du voyage. Pour faire en sorte que votre s\u00e9jour dans la Ville \u00c9ternelle soit fluide et sans stress, nous proposons une gamme de services haut de gamme par l'interm\u00e9diaire de notre r\u00e9seau de partenaires professionnels de confiance.\n<\/div><img decoding=\"async\" class=\"bde-image2-3057-119 bde-image2\" src=\"https:\/\/themasterguest.com\/wp-content\/uploads\/2026\/03\/Vaticano-rizzo50-25.webp\" loading=\"lazy\" srcset=\"https:\/\/themasterguest.com\/wp-content\/uploads\/2026\/03\/Vaticano-rizzo50-25.webp 1200w, https:\/\/themasterguest.com\/wp-content\/uploads\/2026\/03\/Vaticano-rizzo50-25-300x199.webp 300w, https:\/\/themasterguest.com\/wp-content\/uploads\/2026\/03\/Vaticano-rizzo50-25-1024x678.webp 1024w, https:\/\/themasterguest.com\/wp-content\/uploads\/2026\/03\/Vaticano-rizzo50-25-768x509.webp 768w, https:\/\/themasterguest.com\/wp-content\/uploads\/2026\/03\/Vaticano-rizzo50-25-18x12.webp 18w\" sizes=\"(max-width: 1200px) 100vw, 1200px\">\n<\/div>\n<\/div><div class=\"bde-column-3057-110 bde-column\">\n  \n  \n\t\n\n\n\n<div class=\"bde-div-3057-118 bde-div\">\n  \n  \n\t\n\n\n\n<div class=\"bde-icon-box-3057-111 bde-icon-box\">\n\n    \n            <div class=\"ee-iconbox-icon breakdance-icon-atom\" >\n    \n                    <svg xmlns=\"http:\/\/www.w3.org\/2000\/svg\" viewbox=\"0 0 512 512\"><!--! Font Awesome Free 6.5.1 by @fontawesome - https:\/\/fontawesome.com License - https:\/\/fontawesome.com\/license\/free (Icons: CC BY 4.0, Fonts: SIL OFL 1.1, Code: MIT License) Copyright 2023 Fonticons, Inc. --><path d=\"M165.4 96H346.6c13.6 0 25.7 8.6 30.2 21.4L402.9 192H109.1l26.1-74.6c4.5-12.8 16.6-21.4 30.2-21.4zm-90.6 .3L39.6 196.8C16.4 206.4 0 229.3 0 256v80c0 23.7 12.9 44.4 32 55.4V448c0 17.7 14.3 32 32 32H96c17.7 0 32-14.3 32-32V400H384v48c0 17.7 14.3 32 32 32h32c17.7 0 32-14.3 32-32V391.4c19.1-11.1 32-31.7 32-55.4V256c0-26.7-16.4-49.6-39.6-59.2L437.2 96.3C423.7 57.8 387.4 32 346.6 32H165.4c-40.8 0-77.1 25.8-90.6 64.3zM208 272h96c8.8 0 16 7.2 16 16v32c0 8.8-7.2 16-16 16H208c-8.8 0-16-7.2-16-16V288c0-8.8 7.2-16 16-16zM48 280c0-13.3 10.7-24 24-24h32c13.3 0 24 10.7 24 24s-10.7 24-24 24H72c-13.3 0-24-10.7-24-24zm360-24h32c13.3 0 24 10.7 24 24s-10.7 24-24 24H408c-13.3 0-24-10.7-24-24s10.7-24 24-24z\"\/><\/svg>\n        \n        \n        \n            <\/div>\n    \n\n<div class=\"ee-iconbox-content\">\n      <p class=\"ee-iconbox-title bde-h3\" >Transferts Priv\u00e9s &amp; Excursions<\/p>\n      <\/div>\n\n<\/div><div class=\"bde-rich-text-3057-117 bde-rich-text breakdance-rich-text-styles\">\n<p>Voyagez confortablement avec notre <b data-path-to-node=\"4,0\" data-index-in-node=\"28\">services de chauffeur priv\u00e9, disponibles sur r\u00e9servation moyennant un suppl\u00e9ment<\/b>. Que vous arriviez \u00e0 Rome ou que vous souhaitiez explorer la beaut\u00e9 de l'Italie, nous avons ce qu'il vous faut avec des chauffeurs professionnels et des tarifs comp\u00e9titifs.<\/p><ul><li><p data-path-to-node=\"6,0,0\"><b data-path-to-node=\"6,0,0\" data-index-in-node=\"0\">Transferts A\u00e9roport &amp; Port :<\/b> Prise en charge et d\u00e9pose fiables pour <b data-path-to-node=\"6,0,0\" data-index-in-node=\"60\">Fiumicino (FCO)<\/b> et le <b data-path-to-node=\"6,0,0\" data-index-in-node=\"84\">Port de Civitavecchia<\/b>.<\/p><\/li><li><p data-path-to-node=\"6,1,0\"><b data-path-to-node=\"6,1,0\" data-index-in-node=\"0\">Villes et Tours Locaux :<\/b> D\u00e9couvrez les merveilles de <b data-path-to-node=\"6,1,0\" data-index-in-node=\"44\">Rome<\/b> ou les charmants villages de la <b data-path-to-node=\"6,1,0\" data-index-in-node=\"81\">Castelli Romani<\/b> avec un chauffeur priv\u00e9.<\/p><\/li><li><p data-path-to-node=\"6,2,0\"><b data-path-to-node=\"6,2,0\" data-index-in-node=\"0\">Exploration de l'Italie (Excursions d'une journ\u00e9e) :<\/b> Transferts longue distance professionnels et excursions guid\u00e9es vers les destinations les plus embl\u00e9matiques d'Italie :<\/p><ul data-path-to-node=\"6,2,1\"><li><p data-path-to-node=\"6,2,1,0,0\"><b data-path-to-node=\"6,2,1,0,0\" data-index-in-node=\"0\">Toscane :<\/b> Florence et San Gimignano<\/p><\/li><li><p data-path-to-node=\"6,2,1,1,0\"><b data-path-to-node=\"6,2,1,1,0\" data-index-in-node=\"0\">Ombrie :<\/b> Assise<\/p><\/li><li><p data-path-to-node=\"6,2,1,2,0\"><b data-path-to-node=\"6,2,1,2,0\" data-index-in-node=\"0\">Le Sud :<\/b> Naples, Pomp\u00e9i et la magnifique c\u00f4te amalfitaine<\/p><\/li><\/ul><\/li><\/ul>\n<\/div>\n<\/div><div class=\"bde-div-3057-120 bde-div\">\n  \n  \n\t\n\n\n\n<div class=\"bde-icon-box-3057-121 bde-icon-box\">\n\n    \n            <div class=\"ee-iconbox-icon breakdance-icon-atom\" >\n    \n                    <svg xmlns=\"http:\/\/www.w3.org\/2000\/svg\" viewbox=\"0 0 576 512\"><!--! Font Awesome Free 6.5.1 by @fontawesome - https:\/\/fontawesome.com License - https:\/\/fontawesome.com\/license\/free (Icons: CC BY 4.0, Fonts: SIL OFL 1.1, Code: MIT License) Copyright 2023 Fonticons, Inc. --><path d=\"M543.8 287.6c17 0 32-14 32-32.1c1-9-3-17-11-24L512 185V64c0-17.7-14.3-32-32-32H448c-17.7 0-32 14.3-32 32v36.7L309.5 7c-6-5-14-7-21-7s-15 1-22 8L10 231.5c-7 7-10 15-10 24c0 18 14 32.1 32 32.1h32V448c0 35.3 28.7 64 64 64H448.5c35.5 0 64.2-28.8 64-64.3l-.7-160.2h32zM288 160a64 64 0 1 1 0 128 64 64 0 1 1 0-128zM176 400c0-44.2 35.8-80 80-80h64c44.2 0 80 35.8 80 80c0 8.8-7.2 16-16 16H192c-8.8 0-16-7.2-16-16z\"\/><\/svg>\n        \n        \n        \n            <\/div>\n    \n\n<div class=\"ee-iconbox-content\">\n      <p class=\"ee-iconbox-title bde-h3\" >Confort int\u00e9rieur<\/p>\n      <\/div>\n\n<\/div><div class=\"bde-rich-text-3057-122 bde-rich-text breakdance-rich-text-styles\">\n<p>Nous proposons une suite de services suppl\u00e9mentaires pour rendre votre s\u00e9jour aussi flexible et confortable que possible.<\/p><ul data-path-to-node=\"10\"><li><p data-path-to-node=\"10,0,0\"><b data-path-to-node=\"10,0,0\" data-index-in-node=\"0\">Consigne \u00e0 bagages<\/b> Lorsque cela est possible, vous pouvez nous confier vos bagages gratuitement. Alternativement, nous pouvons vous recommander le service de consigne \u00e0 bagages le plus proche.<\/p><\/li><li><p data-path-to-node=\"10,1,0\"><b data-path-to-node=\"10,1,0\" data-index-in-node=\"0\">Stationnement s\u00e9curis\u00e9 :<\/b> Si nous n'avons pas de parking priv\u00e9 sur place, nous pouvons toujours vous recommander des parkings s\u00e9curis\u00e9s \u00e0 proximit\u00e9.<\/p><\/li><li><p data-path-to-node=\"10,2,0\"><b data-path-to-node=\"10,2,0\" data-index-in-node=\"0\">Nettoyage suppl\u00e9mentaire :<\/b> Pour les s\u00e9jours plus longs ou ceux qui pr\u00e9f\u00e8rent une touche de fra\u00eecheur, <b data-path-to-node=\"10,2,0\" data-index-in-node=\"68\">nettoyage professionnel interm\u00e9diaire<\/b> est disponible sur demande (service payant).<\/p><\/li><li><p data-path-to-node=\"10,3,0\"><b data-path-to-node=\"10,3,0\" data-index-in-node=\"0\">Enregistrement anticip\u00e9 :<\/b> Nous comprenons que les horaires de voyage peuvent varier. Dans la mesure du possible, nous sommes heureux d'offrir un enregistrement anticip\u00e9 et un d\u00e9part tardif, sous r\u00e9serve de disponibilit\u00e9.<\/p><\/li><\/ul>\n<\/div>\n<\/div>\n<\/div><\/div><\/div>\n<\/section>","protected":false},"excerpt":{"rendered":"<p>Services Guest Services: Your Stay, Simplified. At our apartments, we believe that a great holiday is defined by the ease of the journey. To ensure your time in the Eternal City is seamless and stress-free, we provide a range of premium services through our network of trusted, professional partners. Private Transfers &#038; Excursions Travel in [&hellip;]<\/p>\n","protected":false},"author":2,"featured_media":0,"parent":0,"menu_order":0,"comment_status":"closed","ping_status":"closed","template":"","meta":{"_breakdance_hide_in_design_set":false,"_breakdance_tags":"","footnotes":""},"class_list":["post-3057","page","type-page","status-publish","hentry"],"_links":{"self":[{"href":"https:\/\/themasterguest.com\/fr\/wp-json\/wp\/v2\/pages\/3057","targetHints":{"allow":["GET"]}}],"collection":[{"href":"https:\/\/themasterguest.com\/fr\/wp-json\/wp\/v2\/pages"}],"about":[{"href":"https:\/\/themasterguest.com\/fr\/wp-json\/wp\/v2\/types\/page"}],"author":[{"embeddable":true,"href":"https:\/\/themasterguest.com\/fr\/wp-json\/wp\/v2\/users\/2"}],"replies":[{"embeddable":true,"href":"https:\/\/themasterguest.com\/fr\/wp-json\/wp\/v2\/comments?post=3057"}],"version-history":[{"count":17,"href":"https:\/\/themasterguest.com\/fr\/wp-json\/wp\/v2\/pages\/3057\/revisions"}],"predecessor-version":[{"id":3151,"href":"https:\/\/themasterguest.com\/fr\/wp-json\/wp\/v2\/pages\/3057\/revisions\/3151"}],"wp:attachment":[{"href":"https:\/\/themasterguest.com\/fr\/wp-json\/wp\/v2\/media?parent=3057"}],"curies":[{"name":"wp","href":"https:\/\/api.w.org\/{rel}","templated":true}]}}