{"id":2197,"date":"2025-11-13T14:27:23","date_gmt":"2025-11-13T14:27:23","guid":{"rendered":"https:\/\/themasterguest.com\/?page_id=2197"},"modified":"2026-04-02T15:51:57","modified_gmt":"2026-04-02T15:51:57","slug":"about-us","status":"publish","type":"page","link":"https:\/\/themasterguest.com\/es\/about-us\/","title":{"rendered":"Qui\u00e9nes somos"},"content":{"rendered":"<section class=\"bde-section-2197-100 bde-section\">\n              \n  \n  \n\t\n\n  <div class=\"section-background-overlay\"><\/div>\n\n\n<div class=\"section-container\"><h1 class=\"bde-heading-2197-101 bde-heading\">\nQui\u00e9nes somos\n<\/h1><div class=\"bde-text-2197-102 bde-text\">\n\n<\/div><\/div>\n<\/section><section id=\"scroll\" class=\"bde-section-2197-103 bde-section\">\n  \n  \n\t\n\n\n\n<div class=\"section-container\"><div class=\"bde-columns-2197-104 bde-columns\"><div class=\"bde-column-2197-105 bde-column\">\n  \n  \n\t\n\n\n\n<h3 class=\"bde-heading-2197-144 bde-heading\">\nEstancias excepcionales. La aut\u00e9ntica Roma.\n<\/h3><div class=\"bde-text-2197-107 bde-text\">\nSomos un equipo de anfitriones profesionales que aman lo que hacen. Nuestro objetivo es simple: ofrecer un lugar donde relajarse, recargar las pilas y experimentar Roma como un local.<br><br>Con apartamentos cuidadosamente seleccionados en los barrios m\u00e1s vibrantes de la ciudad, nos centramos en lo que m\u00e1s importa: comodidad, sencillez y un servicio impecable. Desde el momento de su reserva hasta el d\u00eda de su salida, nos ocupamos de todos los detalles para que pueda centrarse en disfrutar de la magia de la Ciudad Eterna.\n<\/div>\n<\/div><div class=\"bde-column-2197-109 bde-column\">\n  \n  \n\t\n\n\n\n<img decoding=\"async\" class=\"bde-image2-2197-110 bde-image2\" src=\"https:\/\/themasterguest.com\/wp-content\/uploads\/2026\/03\/roma-2.webp\" loading=\"lazy\" srcset=\"https:\/\/themasterguest.com\/wp-content\/uploads\/2026\/03\/roma-2.webp 1920w, https:\/\/themasterguest.com\/wp-content\/uploads\/2026\/03\/roma-2-300x225.webp 300w, https:\/\/themasterguest.com\/wp-content\/uploads\/2026\/03\/roma-2-1024x768.webp 1024w, https:\/\/themasterguest.com\/wp-content\/uploads\/2026\/03\/roma-2-768x576.webp 768w, https:\/\/themasterguest.com\/wp-content\/uploads\/2026\/03\/roma-2-1536x1152.webp 1536w, https:\/\/themasterguest.com\/wp-content\/uploads\/2026\/03\/roma-2-16x12.webp 16w\" sizes=\"(max-width: 1920px) 100vw, 1920px\">\n<\/div><\/div><\/div>\n<\/section>","protected":false},"excerpt":{"rendered":"<p>About us Exceptional Stays. Authentic Rome. We are a team of professional hosts who love what we do. Our aim is simple: to offer a place where you can relax, recharge your batteries and experience Rome like a local.With carefully selected apartments in the city&#8217;s most vibrant neighborhoods, we focus on what matters most: comfort, [&hellip;]<\/p>\n","protected":false},"author":2,"featured_media":0,"parent":0,"menu_order":0,"comment_status":"closed","ping_status":"closed","template":"","meta":{"_breakdance_hide_in_design_set":false,"_breakdance_tags":"","footnotes":""},"class_list":["post-2197","page","type-page","status-publish","hentry"],"_links":{"self":[{"href":"https:\/\/themasterguest.com\/es\/wp-json\/wp\/v2\/pages\/2197","targetHints":{"allow":["GET"]}}],"collection":[{"href":"https:\/\/themasterguest.com\/es\/wp-json\/wp\/v2\/pages"}],"about":[{"href":"https:\/\/themasterguest.com\/es\/wp-json\/wp\/v2\/types\/page"}],"author":[{"embeddable":true,"href":"https:\/\/themasterguest.com\/es\/wp-json\/wp\/v2\/users\/2"}],"replies":[{"embeddable":true,"href":"https:\/\/themasterguest.com\/es\/wp-json\/wp\/v2\/comments?post=2197"}],"version-history":[{"count":34,"href":"https:\/\/themasterguest.com\/es\/wp-json\/wp\/v2\/pages\/2197\/revisions"}],"predecessor-version":[{"id":3130,"href":"https:\/\/themasterguest.com\/es\/wp-json\/wp\/v2\/pages\/2197\/revisions\/3130"}],"wp:attachment":[{"href":"https:\/\/themasterguest.com\/es\/wp-json\/wp\/v2\/media?parent=2197"}],"curies":[{"name":"wp","href":"https:\/\/api.w.org\/{rel}","templated":true}]}}