{"id":3057,"date":"2026-03-25T15:12:32","date_gmt":"2026-03-25T15:12:32","guid":{"rendered":"https:\/\/themasterguest.com\/?page_id=3057"},"modified":"2026-04-28T15:46:57","modified_gmt":"2026-04-28T15:46:57","slug":"dienstleistungen","status":"publish","type":"page","link":"https:\/\/themasterguest.com\/de\/services\/","title":{"rendered":"Dienstleistungen"},"content":{"rendered":"<section class=\"bde-section-3057-100 bde-section\">\n              \n  \n  \n\t\n\n  <div class=\"section-background-overlay\"><\/div>\n\n\n<div class=\"section-container\"><h1 class=\"bde-heading-3057-101 bde-heading\">\nDienstleistungen\n<\/h1><div class=\"bde-text-3057-102 bde-text\">\n\n<\/div><\/div>\n<\/section><section id=\"scroll\" class=\"bde-section-3057-103 bde-section\">\n  \n  \n\t\n\n\n\n<div class=\"section-container\"><div class=\"bde-columns-3057-104 bde-columns\"><div class=\"bde-column-3057-105 bde-column\">\n  \n  \n\t\n\n\n\n<div class=\"bde-div-3057-116 bde-div\">\n  \n  \n\t\n\n\n\n<h3 class=\"bde-heading-3057-106 bde-heading\">\nG\u00e4steservice: Ihr Aufenthalt, vereinfacht.\n<\/h3><div class=\"bde-text-3057-107 bde-text\">\nIn unseren Apartments glauben wir, dass ein toller Urlaub von der Leichtigkeit der Reise abh\u00e4ngt. Um sicherzustellen, dass Ihre Zeit in der Ewigen Stadt reibungslos und stressfrei verl\u00e4uft, bieten wir Ihnen durch unser Netzwerk vertrauensw\u00fcrdiger, professioneller Partner eine Reihe von Premium-Services an.\n<\/div><img decoding=\"async\" class=\"bde-image2-3057-119 bde-image2\" src=\"https:\/\/themasterguest.com\/wp-content\/uploads\/2026\/03\/Vaticano-rizzo50-25.webp\" loading=\"lazy\" srcset=\"https:\/\/themasterguest.com\/wp-content\/uploads\/2026\/03\/Vaticano-rizzo50-25.webp 1200w, https:\/\/themasterguest.com\/wp-content\/uploads\/2026\/03\/Vaticano-rizzo50-25-300x199.webp 300w, https:\/\/themasterguest.com\/wp-content\/uploads\/2026\/03\/Vaticano-rizzo50-25-1024x678.webp 1024w, https:\/\/themasterguest.com\/wp-content\/uploads\/2026\/03\/Vaticano-rizzo50-25-768x509.webp 768w, https:\/\/themasterguest.com\/wp-content\/uploads\/2026\/03\/Vaticano-rizzo50-25-18x12.webp 18w\" sizes=\"(max-width: 1200px) 100vw, 1200px\">\n<\/div>\n<\/div><div class=\"bde-column-3057-110 bde-column\">\n  \n  \n\t\n\n\n\n<div class=\"bde-div-3057-118 bde-div\">\n  \n  \n\t\n\n\n\n<div class=\"bde-icon-box-3057-111 bde-icon-box\">\n\n    \n            <div class=\"ee-iconbox-icon breakdance-icon-atom\" >\n    \n                    <svg xmlns=\"http:\/\/www.w3.org\/2000\/svg\" viewbox=\"0 0 512 512\"><!--! Font Awesome Free 6.5.1 by @fontawesome - https:\/\/fontawesome.com License - https:\/\/fontawesome.com\/license\/free (Icons: CC BY 4.0, Fonts: SIL OFL 1.1, Code: MIT License) Copyright 2023 Fonticons, Inc. --><path d=\"M165.4 96H346.6c13.6 0 25.7 8.6 30.2 21.4L402.9 192H109.1l26.1-74.6c4.5-12.8 16.6-21.4 30.2-21.4zm-90.6 .3L39.6 196.8C16.4 206.4 0 229.3 0 256v80c0 23.7 12.9 44.4 32 55.4V448c0 17.7 14.3 32 32 32H96c17.7 0 32-14.3 32-32V400H384v48c0 17.7 14.3 32 32 32h32c17.7 0 32-14.3 32-32V391.4c19.1-11.1 32-31.7 32-55.4V256c0-26.7-16.4-49.6-39.6-59.2L437.2 96.3C423.7 57.8 387.4 32 346.6 32H165.4c-40.8 0-77.1 25.8-90.6 64.3zM208 272h96c8.8 0 16 7.2 16 16v32c0 8.8-7.2 16-16 16H208c-8.8 0-16-7.2-16-16V288c0-8.8 7.2-16 16-16zM48 280c0-13.3 10.7-24 24-24h32c13.3 0 24 10.7 24 24s-10.7 24-24 24H72c-13.3 0-24-10.7-24-24zm360-24h32c13.3 0 24 10.7 24 24s-10.7 24-24 24H408c-13.3 0-24-10.7-24-24s10.7-24 24-24z\"\/><\/svg>\n        \n        \n        \n            <\/div>\n    \n\n<div class=\"ee-iconbox-content\">\n      <p class=\"ee-iconbox-title bde-h3\" >Private Transfers &amp; Ausfl\u00fcge<\/p>\n      <\/div>\n\n<\/div><div class=\"bde-rich-text-3057-117 bde-rich-text breakdance-rich-text-styles\">\n<p>Reisen Sie bequem mit unserem <b data-path-to-node=\"4,0\" data-index-in-node=\"28\">Privater Chauffeurdienst, gegen Aufpreis buchbar<\/b>. Ob Sie in Rom ankommen oder die Sch\u00f6nheit Italiens erkunden m\u00f6chten, wir haben erfahrene Fahrer und wettbewerbsf\u00e4hige Preise f\u00fcr Sie.<\/p><ul><li><p data-path-to-node=\"6,0,0\"><b data-path-to-node=\"6,0,0\" data-index-in-node=\"0\">Flughafen- und Hafentransfers:<\/b> Zuverl\u00e4ssige Abholung und R\u00fcckgabe f\u00fcr <b data-path-to-node=\"6,0,0\" data-index-in-node=\"60\">Fiumicino (FCO)<\/b> und die <b data-path-to-node=\"6,0,0\" data-index-in-node=\"84\">Hafen von Civitavecchia<\/b>.<\/p><\/li><li><p data-path-to-node=\"6,1,0\"><b data-path-to-node=\"6,1,0\" data-index-in-node=\"0\">Stadt- und Lokaltouren<\/b> Entdecke die Wunder von <b data-path-to-node=\"6,1,0\" data-index-in-node=\"44\">Rom<\/b> oder die charmanten D\u00f6rfer des <b data-path-to-node=\"6,1,0\" data-index-in-node=\"81\">Castelli Romani<\/b> mit einem privaten Fahrer.<\/p><\/li><li><p data-path-to-node=\"6,2,0\"><b data-path-to-node=\"6,2,0\" data-index-in-node=\"0\">Italien-Erkundung (Tagesausfl\u00fcge):<\/b> Professionelle Fernfahrten und gef\u00fchrte Ausfl\u00fcge zu den ikonischsten Zielen Italiens:<\/p><ul data-path-to-node=\"6,2,1\"><li><p data-path-to-node=\"6,2,1,0,0\"><b data-path-to-node=\"6,2,1,0,0\" data-index-in-node=\"0\">Toskana:<\/b> Florenz &amp; San Gimignano<\/p><\/li><li><p data-path-to-node=\"6,2,1,1,0\"><b data-path-to-node=\"6,2,1,1,0\" data-index-in-node=\"0\">Umbrien:<\/b> Assisi<\/p><\/li><li><p data-path-to-node=\"6,2,1,2,0\"><b data-path-to-node=\"6,2,1,2,0\" data-index-in-node=\"0\">Der S\u00fcden<\/b> Neapel, Pompeji und die atemberaubende Amalfik\u00fcste<\/p><\/li><\/ul><\/li><\/ul>\n<\/div>\n<\/div><div class=\"bde-div-3057-120 bde-div\">\n  \n  \n\t\n\n\n\n<div class=\"bde-icon-box-3057-121 bde-icon-box\">\n\n    \n            <div class=\"ee-iconbox-icon breakdance-icon-atom\" >\n    \n                    <svg xmlns=\"http:\/\/www.w3.org\/2000\/svg\" viewbox=\"0 0 576 512\"><!--! Font Awesome Free 6.5.1 by @fontawesome - https:\/\/fontawesome.com License - https:\/\/fontawesome.com\/license\/free (Icons: CC BY 4.0, Fonts: SIL OFL 1.1, Code: MIT License) Copyright 2023 Fonticons, Inc. --><path d=\"M543.8 287.6c17 0 32-14 32-32.1c1-9-3-17-11-24L512 185V64c0-17.7-14.3-32-32-32H448c-17.7 0-32 14.3-32 32v36.7L309.5 7c-6-5-14-7-21-7s-15 1-22 8L10 231.5c-7 7-10 15-10 24c0 18 14 32.1 32 32.1h32V448c0 35.3 28.7 64 64 64H448.5c35.5 0 64.2-28.8 64-64.3l-.7-160.2h32zM288 160a64 64 0 1 1 0 128 64 64 0 1 1 0-128zM176 400c0-44.2 35.8-80 80-80h64c44.2 0 80 35.8 80 80c0 8.8-7.2 16-16 16H192c-8.8 0-16-7.2-16-16z\"\/><\/svg>\n        \n        \n        \n            <\/div>\n    \n\n<div class=\"ee-iconbox-content\">\n      <p class=\"ee-iconbox-title bde-h3\" >Wohnkomfort<\/p>\n      <\/div>\n\n<\/div><div class=\"bde-rich-text-3057-122 bde-rich-text breakdance-rich-text-styles\">\n<p>Wir bieten eine Reihe von Zusatzleistungen an, um Ihren Aufenthalt so flexibel und komfortabel wie m\u00f6glich zu gestalten.<\/p><ul data-path-to-node=\"10\"><li><p data-path-to-node=\"10,0,0\"><b data-path-to-node=\"10,0,0\" data-index-in-node=\"0\">Gep\u00e4ckaufbewahrung<\/b> Wo verf\u00fcgbar, k\u00f6nnen Sie Ihr Gep\u00e4ck kostenlos bei uns lagern. Alternativ k\u00f6nnen wir Ihnen die n\u00e4chstgelegene Gep\u00e4ckaufbewahrung empfehlen.<\/p><\/li><li><p data-path-to-node=\"10,1,0\"><b data-path-to-node=\"10,1,0\" data-index-in-node=\"0\">Sichere Parkpl\u00e4tze:<\/b> Falls wir keine privaten Parkpl\u00e4tze vor Ort haben, k\u00f6nnen wir Ihnen jederzeit sichere Parkh\u00e4user in der N\u00e4he empfehlen.<\/p><\/li><li><p data-path-to-node=\"10,2,0\"><b data-path-to-node=\"10,2,0\" data-index-in-node=\"0\">Extra Reinigung:<\/b> F\u00fcr l\u00e4ngere Aufenthalte oder f\u00fcr diejenigen, die eine frische Note bevorzugen, <b data-path-to-node=\"10,2,0\" data-index-in-node=\"68\">Zwischenreinigung f\u00fcr Profis<\/b> Auf Anfrage erh\u00e4ltlich (kostenpflichtiger Service).<\/p><\/li><li><p data-path-to-node=\"10,3,0\"><b data-path-to-node=\"10,3,0\" data-index-in-node=\"0\">Fr\u00fcher Check-in:<\/b> Wir verstehen, dass Reisepl\u00e4ne variieren k\u00f6nnen. Wo immer m\u00f6glich, bieten wir gerne einen fr\u00fchen Check-in und einen sp\u00e4ten Check-out an, je nach Verf\u00fcgbarkeit.<\/p><\/li><\/ul>\n<\/div>\n<\/div>\n<\/div><\/div><\/div>\n<\/section>","protected":false},"excerpt":{"rendered":"<p>Services Guest Services: Your Stay, Simplified. At our apartments, we believe that a great holiday is defined by the ease of the journey. To ensure your time in the Eternal City is seamless and stress-free, we provide a range of premium services through our network of trusted, professional partners. Private Transfers &#038; Excursions Travel in [&hellip;]<\/p>\n","protected":false},"author":2,"featured_media":0,"parent":0,"menu_order":0,"comment_status":"closed","ping_status":"closed","template":"","meta":{"_breakdance_hide_in_design_set":false,"_breakdance_tags":"","footnotes":""},"class_list":["post-3057","page","type-page","status-publish","hentry"],"_links":{"self":[{"href":"https:\/\/themasterguest.com\/de\/wp-json\/wp\/v2\/pages\/3057","targetHints":{"allow":["GET"]}}],"collection":[{"href":"https:\/\/themasterguest.com\/de\/wp-json\/wp\/v2\/pages"}],"about":[{"href":"https:\/\/themasterguest.com\/de\/wp-json\/wp\/v2\/types\/page"}],"author":[{"embeddable":true,"href":"https:\/\/themasterguest.com\/de\/wp-json\/wp\/v2\/users\/2"}],"replies":[{"embeddable":true,"href":"https:\/\/themasterguest.com\/de\/wp-json\/wp\/v2\/comments?post=3057"}],"version-history":[{"count":17,"href":"https:\/\/themasterguest.com\/de\/wp-json\/wp\/v2\/pages\/3057\/revisions"}],"predecessor-version":[{"id":3151,"href":"https:\/\/themasterguest.com\/de\/wp-json\/wp\/v2\/pages\/3057\/revisions\/3151"}],"wp:attachment":[{"href":"https:\/\/themasterguest.com\/de\/wp-json\/wp\/v2\/media?parent=3057"}],"curies":[{"name":"WP","href":"https:\/\/api.w.org\/{rel}","templated":true}]}}